{"id":606,"date":"2025-10-24T06:03:24","date_gmt":"2025-10-24T06:03:24","guid":{"rendered":"https:\/\/workbase.hr\/acerca-de-workbase\/"},"modified":"2025-11-28T19:06:27","modified_gmt":"2025-11-28T19:06:27","slug":"about-workbase","status":"publish","type":"page","link":"https:\/\/workbase.hr\/es\/about-workbase\/","title":{"rendered":"Acerca de Workbase"},"content":{"rendered":"\t\t<div data-elementor-type=\"wp-page\" data-elementor-id=\"606\" class=\"elementor elementor-606 elementor-335\">\n\t\t\t\t<div class=\"elementor-element elementor-element-736f26b e-flex e-con-boxed e-con e-parent\" data-id=\"736f26b\" data-element_type=\"container\" data-e-type=\"container\">\n\t\t\t\t\t<div class=\"e-con-inner\">\n\t\t\t\t<div class=\"elementor-element elementor-element-4482d38 elementor-widget elementor-widget-text-editor\" data-id=\"4482d38\" data-element_type=\"widget\" data-e-type=\"widget\" data-widget_type=\"text-editor.default\">\n\t\t\t\t<div class=\"elementor-widget-container\">\n\t\t\t\t\t\t\t\t\t<h1 data-pm-slice=\"1 1 []\">Work Base Croacia<\/h1><p><strong>Work Base<\/strong> es una agencia de contrataci\u00f3n moderna con sede en Croacia, especializada en conectar a empleadores europeos con trabajadores cualificados de Am\u00e9rica Latina y M\u00e9xico.<\/p><p><strong>Nuestra misi\u00f3n es sencilla:<\/strong> conectar personas, construir el futuro.<\/p><p>Creemos que el \u00e9xito de cada empresa comienza con las personas adecuadas. Por eso ofrecemos soluciones de contrataci\u00f3n integrales: desde la selecci\u00f3n de candidatos y la tramitaci\u00f3n de permisos de trabajo hasta el apoyo a la reubicaci\u00f3n y la integraci\u00f3n.<\/p><p>Nuestro equipo combina experiencia, conocimientos locales y una red internacional para ofrecer resultados r\u00e1pidos, seguros y profesionales tanto a clientes como a candidatos.<\/p><p>Tanto si busca empleados a largo plazo, personal de temporada o especialistas del sector, Work Base es su socio de contrataci\u00f3n de confianza.<\/p><hr><h2>NUESTRA VISI\u00d3N<\/h2><p>Convertirnos en un puente entre continentes y culturas a trav\u00e9s de pr\u00e1cticas de empleo justas, eficientes y centradas en las personas.<\/p><hr><h2>NUESTROS SERVICIOS<\/h2><p>Conectando personas. Construyendo carreras. Apoyamos a las empresas. En Work Base, proporcionamos soluciones integrales de contrataci\u00f3n internacional adaptadas a las necesidades de cada empleador. Nuestra misi\u00f3n es facilitar la contrataci\u00f3n, desde el primer contacto hasta la llegada del trabajador. <\/p><ul><li><p><strong>Contrataci\u00f3n y selecci\u00f3n de candidatos<\/strong>Le conectamos con candidatos cualificados de Am\u00e9rica Latina y M\u00e9xico. Realizamos entrevistas detalladas y comprobaciones de antecedentes para encontrar al empleado ideal para su empresa. <\/p><\/li><li><p><strong>Apoyo legal y administrativo<\/strong>Nos encargamos de todo el papeleo: permisos de trabajo, visados, contratos, traducciones y comunicaci\u00f3n con las instituciones. Usted puede centrarse en su negocio mientras nosotros nos encargamos de los tr\u00e1mites. <\/p><\/li><li><p><strong>Log\u00edstica e integraci\u00f3n de los trabajadores<\/strong>Organizamos el viaje, el alojamiento y la incorporaci\u00f3n, garantizando que los trabajadores se instalen r\u00e1pida y c\u00f3modamente en sus nuevas funciones.<\/p><\/li><li><p><strong>Asesoramiento al empleador<\/strong>Asesoramos a los empleadores sobre las leyes laborales, la normativa sobre mano de obra extranjera y las estrategias de contrataci\u00f3n para garantizar el pleno cumplimiento y la eficiencia.<\/p><\/li><\/ul><p><strong>\u00bfPor qu\u00e9 elegirnos?<\/strong><\/p><ul><li><p>Proceso de contrataci\u00f3n r\u00e1pido y transparente<\/p><\/li><li><p>Experiencia con empresas croatas y de la UE<\/p><\/li><li><p>Amplia red de candidatos en toda Am\u00e9rica Latina<\/p><\/li><li><p>Apoyo total antes, durante y despu\u00e9s del empleo<\/p><\/li><\/ul><hr><h2>\u00bfPOR QU\u00c9 NOSOTROS?<\/h2><p><strong>M\u00e1s que experiencia: su socio en el \u00e9xito<\/strong><\/p><p>Work Base es una agencia con a\u00f1os de experiencia conectando a trabajadores extranjeros con empleadores en toda Croacia y la UE. Entendemos las necesidades de los empleadores y los retos a los que se enfrentan los candidatos internacionales, por lo que ofrecemos un apoyo integral desde la selecci\u00f3n hasta la integraci\u00f3n. <\/p><p>Nuestra fortaleza radica en nuestra experiencia, red global y enfoque personal. Tratamos cada asociaci\u00f3n como \u00fanica, con el objetivo de construir un \u00e9xito a largo plazo para ambas partes.<\/p><ul><li><p>A\u00f1os de experiencia en contrataci\u00f3n internacional<\/p><\/li><li><p>Procesos de contrataci\u00f3n r\u00e1pidos y fiables<\/p><\/li><li><p>Amplia red de candidatos de Am\u00e9rica Latina y M\u00e9xico<\/p><\/li><li><p>Transparencia, confianza y apoyo total durante todo el proceso<\/p><\/li><\/ul><hr><h2>TESTIMONIOS DE CLIENTES<\/h2><p>La mejor recomendaci\u00f3n es la satisfacci\u00f3n de nuestros socios. Cada proceso de contrataci\u00f3n exitoso es el resultado de la confianza, la comprensi\u00f3n y el apoyo profesional. Estamos orgullosos de los cientos de trabajadores satisfechos de Sudam\u00e9rica y M\u00e9xico que han encontrado su lugar en empresas croatas y europeas, as\u00ed como de los empleadores que han construido equipos s\u00f3lidos con nuestra ayuda.  <\/p><hr><h2>INFORMACI\u00d3N DE LA EMPRESA<\/h2><p><strong>WORK BASE d.o.o.<\/strong>Bo\u017eidara Magovca 63, HR-10000 Zagreb, CroaciaOIB: 64799831855MBS: 081548840MB DZS: 05876389NKD: O78100 \u2013 Actividades de agencias de empleoInscrita en el Tribunal Mercantil de ZagrebCapital social: 2.500,00 \u20ac totalmente desembolsadosDirector\/Miembro del Consejo: Davor ForenbaherSWIFT: RZBHHR2XIBAN: HR5624840081135366105NIF-IVA: HR64799831855Web: <a class=\"text-blue-600 underline hover:text-blue-800 transition-colors\" href=\"https:\/\/workbase.hr\/es\/\" target=\"_blank\" rel=\"noopener noreferrer nofollow\">workbase.hr<\/a>E-mail: <a class=\"text-blue-600 underline hover:text-blue-800 transition-colors\" href=\"mailto:office@workbase.hr\" target=\"_blank\" rel=\"noopener noreferrer nofollow\">office@workbase.hr<\/a><\/p><p><\/p>\t\t\t\t\t\t\t\t<\/div>\n\t\t\t\t<\/div>\n\t\t\t\t\t<\/div>\n\t\t\t\t<\/div>\n\t\t\t\t<\/div>\n\t\t","protected":false},"excerpt":{"rendered":"<p>Work Base Croacia Work Base es una agencia de contrataci\u00f3n moderna con sede en Croacia, especializada en conectar a empleadores europeos con trabajadores cualificados de Am\u00e9rica Latina y M\u00e9xico. Nuestra&#8230;<\/p>\n","protected":false},"author":1,"featured_media":0,"parent":0,"menu_order":0,"comment_status":"closed","ping_status":"closed","template":"","meta":{"footnotes":""},"class_list":["post-606","page","type-page","status-publish","hentry"],"_links":{"self":[{"href":"https:\/\/workbase.hr\/es\/wp-json\/wp\/v2\/pages\/606","targetHints":{"allow":["GET"]}}],"collection":[{"href":"https:\/\/workbase.hr\/es\/wp-json\/wp\/v2\/pages"}],"about":[{"href":"https:\/\/workbase.hr\/es\/wp-json\/wp\/v2\/types\/page"}],"author":[{"embeddable":true,"href":"https:\/\/workbase.hr\/es\/wp-json\/wp\/v2\/users\/1"}],"replies":[{"embeddable":true,"href":"https:\/\/workbase.hr\/es\/wp-json\/wp\/v2\/comments?post=606"}],"version-history":[{"count":20,"href":"https:\/\/workbase.hr\/es\/wp-json\/wp\/v2\/pages\/606\/revisions"}],"predecessor-version":[{"id":1375,"href":"https:\/\/workbase.hr\/es\/wp-json\/wp\/v2\/pages\/606\/revisions\/1375"}],"wp:attachment":[{"href":"https:\/\/workbase.hr\/es\/wp-json\/wp\/v2\/media?parent=606"}],"curies":[{"name":"wp","href":"https:\/\/api.w.org\/{rel}","templated":true}]}}